{"id":1674,"date":"2019-10-10T04:47:08","date_gmt":"2019-10-10T04:47:08","guid":{"rendered":"http:\/\/auto-riga.sem.lv\/kontakti\/"},"modified":"2023-04-29T12:35:29","modified_gmt":"2023-04-29T09:35:29","slug":"kontakti","status":"publish","type":"page","link":"https:\/\/autoriga.eu\/ru\/kontakti\/","title":{"rendered":"Kontakti"},"content":{"rendered":"\t\t<div data-elementor-type=\"wp-page\" data-elementor-id=\"1674\" class=\"elementor elementor-1674 elementor-161\">\n\t\t\t\t\t\t<section class=\"elementor-section elementor-top-section elementor-element elementor-element-95bc052 elementor-section-stretched elementor-section-full_width elementor-section-height-default elementor-section-height-default\" data-id=\"95bc052\" data-element_type=\"section\" data-e-type=\"section\" data-settings=\"{&quot;stretch_section&quot;:&quot;section-stretched&quot;}\">\n\t\t\t\t\t\t<div class=\"elementor-container elementor-column-gap-no\">\n\t\t\t\t\t<div class=\"elementor-column elementor-col-100 elementor-top-column elementor-element elementor-element-dca0fe8\" data-id=\"dca0fe8\" data-element_type=\"column\" data-e-type=\"column\">\n\t\t\t<div class=\"elementor-widget-wrap elementor-element-populated\">\n\t\t\t\t\t\t<section class=\"elementor-section elementor-inner-section elementor-element elementor-element-dc13d32 elementor-section-full_width elementor-section-height-default elementor-section-height-default\" data-id=\"dc13d32\" data-element_type=\"section\" data-e-type=\"section\">\n\t\t\t\t\t\t<div class=\"elementor-container elementor-column-gap-no\">\n\t\t\t\t\t<div class=\"elementor-column elementor-col-100 elementor-inner-column elementor-element elementor-element-33c38fe\" data-id=\"33c38fe\" data-element_type=\"column\" data-e-type=\"column\">\n\t\t\t<div class=\"elementor-widget-wrap elementor-element-populated\">\n\t\t\t\t\t\t<div class=\"elementor-element elementor-element-bc91f25 elementor-widget elementor-widget-google_maps\" data-id=\"bc91f25\" data-element_type=\"widget\" data-e-type=\"widget\" data-widget_type=\"google_maps.default\">\n\t\t\t\t<div class=\"elementor-widget-container\">\n\t\t\t\t\t\t\t<div class=\"elementor-custom-embed\">\n\t\t\t<iframe loading=\"lazy\"\n\t\t\t\t\tsrc=\"https:\/\/maps.google.com\/maps?q=Vi%C5%A1%C4%B7u%20iela%2016%2C%20R%C4%ABga&#038;t=m&#038;z=16&#038;output=embed&#038;iwloc=near\"\n\t\t\t\t\ttitle=\"Vi\u0161\u0137u iela 16, R\u012bga\"\n\t\t\t\t\taria-label=\"Vi\u0161\u0137u iela 16, R\u012bga\"\n\t\t\t><\/iframe>\n\t\t<\/div>\n\t\t\t\t\t\t<\/div>\n\t\t\t\t<\/div>\n\t\t\t\t\t<\/div>\n\t\t<\/div>\n\t\t\t\t\t<\/div>\n\t\t<\/section>\n\t\t\t\t\t<\/div>\n\t\t<\/div>\n\t\t\t\t\t<\/div>\n\t\t<\/section>\n\t\t\t\t<div class=\"elementor-section elementor-top-section elementor-element elementor-element-f55c93e elementor-section-boxed elementor-section-height-default elementor-section-height-default\" data-id=\"f55c93e\" data-element_type=\"section\" data-e-type=\"section\" data-settings=\"{&quot;background_background&quot;:&quot;classic&quot;}\">\n\t\t\t\t\t\t<div class=\"elementor-container elementor-column-gap-extended\">\n\t\t\t\t\t<div class=\"elementor-column elementor-col-100 elementor-top-column elementor-element elementor-element-6d298b8\" data-id=\"6d298b8\" data-element_type=\"column\" data-e-type=\"column\">\n\t\t\t<div class=\"elementor-widget-wrap elementor-element-populated\">\n\t\t\t\t\t\t<div class=\"elementor-section elementor-inner-section elementor-element elementor-element-4c9173a elementor-section-boxed elementor-section-height-default elementor-section-height-default\" data-id=\"4c9173a\" data-element_type=\"section\" data-e-type=\"section\">\n\t\t\t\t\t\t<div class=\"elementor-container elementor-column-gap-default\">\n\t\t\t\t\t<div class=\"elementor-column elementor-col-100 elementor-inner-column elementor-element elementor-element-e14b358\" data-id=\"e14b358\" data-element_type=\"column\" data-e-type=\"column\">\n\t\t\t<div class=\"elementor-widget-wrap elementor-element-populated\">\n\t\t\t\t\t\t<div class=\"elementor-element elementor-element-b72b346 elementor-widget elementor-widget-heading\" data-id=\"b72b346\" data-element_type=\"widget\" data-e-type=\"widget\" data-widget_type=\"heading.default\">\n\t\t\t\t<div class=\"elementor-widget-container\">\n\t\t\t\t\t<h1 class=\"elementor-heading-title elementor-size-default\">\u041a\u043e\u043d\u0442\u0430\u043a\u0442\u044b<\/h1>\t\t\t\t<\/div>\n\t\t\t\t<\/div>\n\t\t\t\t\t<\/div>\n\t\t<\/div>\n\t\t\t\t\t<\/div>\n\t\t<\/div>\n\t\t\t\t<div class=\"elementor-section elementor-inner-section elementor-element elementor-element-1215a17 elementor-section-boxed elementor-section-height-default elementor-section-height-default\" data-id=\"1215a17\" data-element_type=\"section\" data-e-type=\"section\">\n\t\t\t\t\t\t<div class=\"elementor-container elementor-column-gap-wider\">\n\t\t\t\t\t<div class=\"elementor-column elementor-col-33 elementor-inner-column elementor-element elementor-element-fc3ec1e\" data-id=\"fc3ec1e\" data-element_type=\"column\" data-e-type=\"column\">\n\t\t\t<div class=\"elementor-widget-wrap elementor-element-populated\">\n\t\t\t\t\t\t<div class=\"elementor-element elementor-element-68919da elementor-position-inline-end elementor-view-default elementor-mobile-position-block-start elementor-widget elementor-widget-icon-box\" data-id=\"68919da\" data-element_type=\"widget\" data-e-type=\"widget\" data-widget_type=\"icon-box.default\">\n\t\t\t\t<div class=\"elementor-widget-container\">\n\t\t\t\t\t\t\t<div class=\"elementor-icon-box-wrapper\">\n\n\t\t\t\t\t\t<div class=\"elementor-icon-box-icon\">\n\t\t\t\t<span  class=\"elementor-icon\">\n\t\t\t\t<i aria-hidden=\"true\" class=\"ion ion-android-mail\"><\/i>\t\t\t\t<\/span>\n\t\t\t<\/div>\n\t\t\t\n\t\t\t\t\t\t<div class=\"elementor-icon-box-content\">\n\n\t\t\t\t\t\t\t\t\t<div class=\"elementor-icon-box-title\">\n\t\t\t\t\t\t<span  >\n\t\t\t\t\t\t\t\u0421\u0432\u044f\u0436\u0438\u0442\u0435\u0441\u044c \u0441 \u043d\u0430\u043c\u0438\t\t\t\t\t\t<\/span>\n\t\t\t\t\t<\/div>\n\t\t\t\t\n\t\t\t\t\n\t\t\t<\/div>\n\t\t\t\n\t\t<\/div>\n\t\t\t\t\t\t<\/div>\n\t\t\t\t<\/div>\n\t\t\t\t<div class=\"elementor-element elementor-element-d5b29de elementor-widget-divider--view-line elementor-widget elementor-widget-divider\" data-id=\"d5b29de\" data-element_type=\"widget\" data-e-type=\"widget\" data-widget_type=\"divider.default\">\n\t\t\t\t<div class=\"elementor-widget-container\">\n\t\t\t\t\t\t\t<div class=\"elementor-divider\">\n\t\t\t<span class=\"elementor-divider-separator\">\n\t\t\t\t\t\t<\/span>\n\t\t<\/div>\n\t\t\t\t\t\t<\/div>\n\t\t\t\t<\/div>\n\t\t\t\t<div class=\"elementor-element elementor-element-bd8a11c elementor-widget elementor-widget-text-editor\" data-id=\"bd8a11c\" data-element_type=\"widget\" data-e-type=\"widget\" data-widget_type=\"text-editor.default\">\n\t\t\t\t<div class=\"elementor-widget-container\">\n\t\t\t\t\t\t\t\t\t<p>SIA Lotosa Zieds 99 \u0420\u0435\u0433.\u043d\u0440.40103875744<\/p><p><a href=\"tel:+37125223344\">+371 25223344<\/a><br \/><a href=\"mailto:leasing@autoriga.eu\">leasing@autoriga.eu<\/a><\/p>\t\t\t\t\t\t\t\t<\/div>\n\t\t\t\t<\/div>\n\t\t\t\t\t<\/div>\n\t\t<\/div>\n\t\t\t\t<div class=\"elementor-column elementor-col-33 elementor-inner-column elementor-element elementor-element-c8e6e1e\" data-id=\"c8e6e1e\" data-element_type=\"column\" data-e-type=\"column\">\n\t\t\t<div class=\"elementor-widget-wrap elementor-element-populated\">\n\t\t\t\t\t\t<div class=\"elementor-element elementor-element-32bd6e6 elementor-position-inline-end elementor-view-default elementor-mobile-position-block-start elementor-widget elementor-widget-icon-box\" data-id=\"32bd6e6\" data-element_type=\"widget\" data-e-type=\"widget\" data-widget_type=\"icon-box.default\">\n\t\t\t\t<div class=\"elementor-widget-container\">\n\t\t\t\t\t\t\t<div class=\"elementor-icon-box-wrapper\">\n\n\t\t\t\t\t\t<div class=\"elementor-icon-box-icon\">\n\t\t\t\t<span  class=\"elementor-icon\">\n\t\t\t\t<i aria-hidden=\"true\" class=\"ion ion-ios-location\"><\/i>\t\t\t\t<\/span>\n\t\t\t<\/div>\n\t\t\t\n\t\t\t\t\t\t<div class=\"elementor-icon-box-content\">\n\n\t\t\t\t\t\t\t\t\t<div class=\"elementor-icon-box-title\">\n\t\t\t\t\t\t<span  >\n\t\t\t\t\t\t\t\u0410\u0434\u0440\u0435\u0441\t\t\t\t\t\t<\/span>\n\t\t\t\t\t<\/div>\n\t\t\t\t\n\t\t\t\t\n\t\t\t<\/div>\n\t\t\t\n\t\t<\/div>\n\t\t\t\t\t\t<\/div>\n\t\t\t\t<\/div>\n\t\t\t\t<div class=\"elementor-element elementor-element-3f1ee38 elementor-widget-divider--view-line elementor-widget elementor-widget-divider\" data-id=\"3f1ee38\" data-element_type=\"widget\" data-e-type=\"widget\" data-widget_type=\"divider.default\">\n\t\t\t\t<div class=\"elementor-widget-container\">\n\t\t\t\t\t\t\t<div class=\"elementor-divider\">\n\t\t\t<span class=\"elementor-divider-separator\">\n\t\t\t\t\t\t<\/span>\n\t\t<\/div>\n\t\t\t\t\t\t<\/div>\n\t\t\t\t<\/div>\n\t\t\t\t<div class=\"elementor-element elementor-element-473d149 elementor-widget elementor-widget-text-editor\" data-id=\"473d149\" data-element_type=\"widget\" data-e-type=\"widget\" data-widget_type=\"text-editor.default\">\n\t\t\t\t<div class=\"elementor-widget-container\">\n\t\t\t\t\t\t\t\t\t<p>\u0423\u043b\u0438\u0446\u0430 \u0412\u0438\u0448\u043a\u044e 14, \u0420\u0438\u0433\u0430, LV-1057<\/p><p>\u042e\u0440\u0438\u0434\u0438\u0447\u0435\u0441\u043a\u0438\u0439 \u0430\u0434\u0440\u0435\u0441: <br \/>\u0423\u043b\u0438\u0446\u0430 \u0417\u0432\u0435\u0439\u043d\u0438\u0435\u043a\u0443 21, \u0418\u043a\u0448\u043a\u0438\u043b\u0435<\/p>\t\t\t\t\t\t\t\t<\/div>\n\t\t\t\t<\/div>\n\t\t\t\t\t<\/div>\n\t\t<\/div>\n\t\t\t\t<div class=\"elementor-column elementor-col-33 elementor-inner-column elementor-element elementor-element-13288cb\" data-id=\"13288cb\" data-element_type=\"column\" data-e-type=\"column\">\n\t\t\t<div class=\"elementor-widget-wrap elementor-element-populated\">\n\t\t\t\t\t\t<div class=\"elementor-element elementor-element-248bf6b elementor-position-inline-end elementor-view-default elementor-mobile-position-block-start elementor-widget elementor-widget-icon-box\" data-id=\"248bf6b\" data-element_type=\"widget\" data-e-type=\"widget\" data-widget_type=\"icon-box.default\">\n\t\t\t\t<div class=\"elementor-widget-container\">\n\t\t\t\t\t\t\t<div class=\"elementor-icon-box-wrapper\">\n\n\t\t\t\t\t\t<div class=\"elementor-icon-box-icon\">\n\t\t\t\t<span  class=\"elementor-icon\">\n\t\t\t\t<i aria-hidden=\"true\" class=\"ion ion-android-time\"><\/i>\t\t\t\t<\/span>\n\t\t\t<\/div>\n\t\t\t\n\t\t\t\t\t\t<div class=\"elementor-icon-box-content\">\n\n\t\t\t\t\t\t\t\t\t<div class=\"elementor-icon-box-title\">\n\t\t\t\t\t\t<span  >\n\t\t\t\t\t\t\t\u0412\u0440\u0435\u043c\u044f \u0440\u0430\u0431\u043e\u0442\u044b\t\t\t\t\t\t<\/span>\n\t\t\t\t\t<\/div>\n\t\t\t\t\n\t\t\t\t\n\t\t\t<\/div>\n\t\t\t\n\t\t<\/div>\n\t\t\t\t\t\t<\/div>\n\t\t\t\t<\/div>\n\t\t\t\t<div class=\"elementor-element elementor-element-ab62033 elementor-widget-divider--view-line elementor-widget elementor-widget-divider\" data-id=\"ab62033\" data-element_type=\"widget\" data-e-type=\"widget\" data-widget_type=\"divider.default\">\n\t\t\t\t<div class=\"elementor-widget-container\">\n\t\t\t\t\t\t\t<div class=\"elementor-divider\">\n\t\t\t<span class=\"elementor-divider-separator\">\n\t\t\t\t\t\t<\/span>\n\t\t<\/div>\n\t\t\t\t\t\t<\/div>\n\t\t\t\t<\/div>\n\t\t\t\t<div class=\"elementor-element elementor-element-a125545 elementor-widget elementor-widget-text-editor\" data-id=\"a125545\" data-element_type=\"widget\" data-e-type=\"widget\" data-widget_type=\"text-editor.default\">\n\t\t\t\t<div class=\"elementor-widget-container\">\n\t\t\t\t\t\t\t\t\t<p>\u041f\u043d \u2013 \u041f\u0442: 09:00 \u2013 18:00<br \/>\u0421\u0431: 9:00-16:00<br \/>\u0412\u0441: \u0417\u0430\u043a\u0440\u044b\u0442\u043e<\/p>\t\t\t\t\t\t\t\t<\/div>\n\t\t\t\t<\/div>\n\t\t\t\t\t<\/div>\n\t\t<\/div>\n\t\t\t\t\t<\/div>\n\t\t<\/div>\n\t\t\t\t\t<\/div>\n\t\t<\/div>\n\t\t\t\t\t<\/div>\n\t\t<\/div>\n\t\t\t\t<div class=\"elementor-section elementor-top-section elementor-element elementor-element-6e9ac03 elementor-section-boxed elementor-section-height-default elementor-section-height-default\" data-id=\"6e9ac03\" data-element_type=\"section\" data-e-type=\"section\" data-settings=\"{&quot;background_background&quot;:&quot;classic&quot;}\">\n\t\t\t\t\t\t<div class=\"elementor-container elementor-column-gap-default\">\n\t\t\t\t\t<div class=\"elementor-column elementor-col-100 elementor-top-column elementor-element elementor-element-80f2e4c\" data-id=\"80f2e4c\" data-element_type=\"column\" data-e-type=\"column\" data-settings=\"{&quot;background_background&quot;:&quot;classic&quot;}\">\n\t\t\t<div class=\"elementor-widget-wrap elementor-element-populated\">\n\t\t\t\t\t\t<div class=\"elementor-section elementor-inner-section elementor-element elementor-element-2c7dff8 elementor-section-boxed elementor-section-height-default elementor-section-height-default\" data-id=\"2c7dff8\" data-element_type=\"section\" data-e-type=\"section\">\n\t\t\t\t\t\t<div class=\"elementor-container elementor-column-gap-no\">\n\t\t\t\t\t<div class=\"elementor-column elementor-col-100 elementor-inner-column elementor-element elementor-element-afe1e78\" data-id=\"afe1e78\" data-element_type=\"column\" data-e-type=\"column\">\n\t\t\t<div class=\"elementor-widget-wrap elementor-element-populated\">\n\t\t\t\t\t\t<div class=\"elementor-element elementor-element-3fdac7b elementor-widget elementor-widget-heading\" data-id=\"3fdac7b\" data-element_type=\"widget\" data-e-type=\"widget\" data-widget_type=\"heading.default\">\n\t\t\t\t<div class=\"elementor-widget-container\">\n\t\t\t\t\t<h2 class=\"elementor-heading-title elementor-size-default\">\u0421\u0412\u042f\u0416\u0418\u0421\u042c \u0421 \u041d\u0410\u041c\u0418<\/h2>\t\t\t\t<\/div>\n\t\t\t\t<\/div>\n\t\t\t\t<div class=\"elementor-element elementor-element-d49815a elementor-widget elementor-widget-wp-widget-wpforms-widget\" data-id=\"d49815a\" data-element_type=\"widget\" data-e-type=\"widget\" data-widget_type=\"wp-widget-wpforms-widget.default\">\n\t\t\t\t<div class=\"elementor-widget-container\">\n\t\t\t\t\t<div class=\"wpforms-container wpforms-container-full wpforms-render-modern\" id=\"wpforms-59289\"><form id=\"wpforms-form-59289\" class=\"wpforms-validate wpforms-form wpforms-ajax-form\" data-formid=\"59289\" method=\"post\" enctype=\"multipart\/form-data\" action=\"\/ru\/wp-json\/wp\/v2\/pages\/1674\" data-token=\"b6a4249aba3a44c4d1c6702056d160d9\"><noscript class=\"wpforms-error-noscript\">\u0414\u043b\u044f \u0437\u0430\u043f\u043e\u043b\u043d\u0435\u043d\u0438\u044f \u0434\u0430\u043d\u043d\u043e\u0439 \u0444\u043e\u0440\u043c\u044b \u0432\u043a\u043b\u044e\u0447\u0438\u0442\u0435 JavaScript \u0432 \u0431\u0440\u0430\u0443\u0437\u0435\u0440\u0435.<\/noscript><div class=\"wpforms-hidden\" id=\"wpforms-error-noscript\">\u0414\u043b\u044f \u0437\u0430\u043f\u043e\u043b\u043d\u0435\u043d\u0438\u044f \u0434\u0430\u043d\u043d\u043e\u0439 \u0444\u043e\u0440\u043c\u044b \u0432\u043a\u043b\u044e\u0447\u0438\u0442\u0435 JavaScript \u0432 \u0431\u0440\u0430\u0443\u0437\u0435\u0440\u0435.<\/div><div class=\"wpforms-field-container\"><div id=\"wpforms-59289-field_3-container\" class=\"wpforms-field wpforms-field-text\" data-field-id=\"3\"><label class=\"wpforms-field-label wpforms-label-hide\" for=\"wpforms-59289-field_3\" aria-hidden=\"false\">\u0418\u043c\u044f, \u0424\u0430\u043c\u0438\u043b\u0438\u044f<\/label><input type=\"text\" id=\"wpforms-59289-field_3\" class=\"wpforms-field-large\" name=\"wpforms[fields][3]\" placeholder=\"\u0418\u043c\u044f, \u0424\u0430\u043c\u0438\u043b\u0438\u044f\" aria-errormessage=\"wpforms-59289-field_3-error\" ><\/div><div id=\"wpforms-59289-field_1-container\" class=\"wpforms-field wpforms-field-email\" data-field-id=\"1\"><label class=\"wpforms-field-label wpforms-label-hide\" for=\"wpforms-59289-field_1\" aria-hidden=\"false\">\u042d\u043b. \u043f\u043e\u0447\u0442\u0430 <span class=\"wpforms-required-label\" aria-hidden=\"true\">*<\/span><\/label><input type=\"email\" id=\"wpforms-59289-field_1\" class=\"wpforms-field-large wpforms-field-required\" name=\"wpforms[fields][1]\" placeholder=\"\u042d\u043b. \u043f\u043e\u0447\u0442\u0430\" spellcheck=\"false\" aria-errormessage=\"wpforms-59289-field_1-error\" required><\/div><div id=\"wpforms-59289-field_4-container\" class=\"wpforms-field wpforms-field-text\" data-field-id=\"4\"><label class=\"wpforms-field-label wpforms-label-hide\" for=\"wpforms-59289-field_4\" aria-hidden=\"false\">\u0422\u0435\u043b\u0435\u0444\u043e\u043d <span class=\"wpforms-required-label\" aria-hidden=\"true\">*<\/span><\/label><input type=\"text\" id=\"wpforms-59289-field_4\" class=\"wpforms-field-large wpforms-field-required\" name=\"wpforms[fields][4]\" placeholder=\"\u0422\u0435\u043b\u0435\u0444\u043e\u043d\" aria-errormessage=\"wpforms-59289-field_4-error\" required><\/div><div id=\"wpforms-59289-field_2-container\" class=\"wpforms-field wpforms-field-textarea\" data-field-id=\"2\"><label class=\"wpforms-field-label wpforms-label-hide\" for=\"wpforms-59289-field_2\" aria-hidden=\"false\">\u0412\u0432\u0435\u0434\u0438\u0442\u0435 \u0441\u0432\u043e\u0451 \u0441\u043e\u043e\u0431\u0449\u0435\u043d\u0438\u0435\u2026<\/label><textarea id=\"wpforms-59289-field_2\" class=\"wpforms-field-medium\" name=\"wpforms[fields][2]\" placeholder=\"\u0412\u0432\u0435\u0434\u0438\u0442\u0435 \u0441\u0432\u043e\u0451 \u0441\u043e\u043e\u0431\u0449\u0435\u043d\u0438\u0435\u2026\" aria-errormessage=\"wpforms-59289-field_2-error\" ><\/textarea><\/div><div id=\"wpforms-59289-field_5-container\" class=\"wpforms-field wpforms-field-checkbox\" data-field-id=\"5\"><fieldset><legend class=\"wpforms-field-label wpforms-label-hide\" aria-hidden=\"false\"> <span class=\"wpforms-required-label\" aria-hidden=\"true\">*<\/span><\/legend><ul id=\"wpforms-59289-field_5\" class=\"wpforms-field-required\"><li class=\"choice-1 depth-1\"><input type=\"checkbox\" id=\"wpforms-59289-field_5_1\" name=\"wpforms[fields][5][]\" value=\"\u041f\u043e\u0434\u0442\u0432\u0435\u0440\u0436\u0434\u0430\u044e, \u0447\u0442\u043e \u043f\u043e\u043b\u043d\u043e\u0441\u0442\u044c\u044e \u043f\u0440\u043e\u0447\u0438\u0442\u0430\u043b(\u0430) \u0438 \u043e\u0437\u043d\u0430\u043a\u043e\u043c\u0438\u043b\u0441\u044f(\u043b\u0430\u0441\u044c) \u0441 &lt;a href=&quot;\/ru\/privatumu-politika\/&quot; target=&quot;_blank&quot;&gt;\u043f\u0440\u0430\u0432\u0438\u043b\u0430\u043c\u0438 \u041f\u043e\u043b\u0438\u0442\u0438\u043a\u043e\u0439 \u043a\u043e\u043d\u0444\u0438\u0434\u0435\u043d\u0446\u0438\u0430\u043b\u044c\u043d\u043e\u0441\u0442\u0438 AutoRiga.eu&lt;\/a&gt;, \u043e\u043d\u0438 \u043c\u043d\u0435 \u043f\u043e\u043d\u044f\u0442\u043d\u044b, \u0438 \u044f \u043f\u043e\u043b\u043d\u043e\u0441\u0442\u044c\u044e \u0441\u043e\u0433\u043b\u0430\u0448\u0430\u044e\u0441\u044c \u0441\u043e \u0432\u0441\u0435\u043c\u0438 \u0443\u0441\u043b\u043e\u0432\u0438\u044f\u043c\u0438 \u0434\u0430\u043d\u043d\u043e\u0439 \u043f\u043e\u043b\u0438\u0442\u0438\u043a\u0438.\" aria-errormessage=\"wpforms-59289-field_5_1-error\" required ><label class=\"wpforms-field-label-inline\" for=\"wpforms-59289-field_5_1\">\u041f\u043e\u0434\u0442\u0432\u0435\u0440\u0436\u0434\u0430\u044e, \u0447\u0442\u043e \u043f\u043e\u043b\u043d\u043e\u0441\u0442\u044c\u044e \u043f\u0440\u043e\u0447\u0438\u0442\u0430\u043b(\u0430) \u0438 \u043e\u0437\u043d\u0430\u043a\u043e\u043c\u0438\u043b\u0441\u044f(\u043b\u0430\u0441\u044c) \u0441 <a href=\"\/ru\/privatumu-politika\/\" target=\"_blank\">\u043f\u0440\u0430\u0432\u0438\u043b\u0430\u043c\u0438 \u041f\u043e\u043b\u0438\u0442\u0438\u043a\u043e\u0439 \u043a\u043e\u043d\u0444\u0438\u0434\u0435\u043d\u0446\u0438\u0430\u043b\u044c\u043d\u043e\u0441\u0442\u0438 AutoRiga.eu<\/a>, \u043e\u043d\u0438 \u043c\u043d\u0435 \u043f\u043e\u043d\u044f\u0442\u043d\u044b, \u0438 \u044f \u043f\u043e\u043b\u043d\u043e\u0441\u0442\u044c\u044e \u0441\u043e\u0433\u043b\u0430\u0448\u0430\u044e\u0441\u044c \u0441\u043e \u0432\u0441\u0435\u043c\u0438 \u0443\u0441\u043b\u043e\u0432\u0438\u044f\u043c\u0438 \u0434\u0430\u043d\u043d\u043e\u0439 \u043f\u043e\u043b\u0438\u0442\u0438\u043a\u0438.<\/label><\/li><\/ul><\/fieldset><\/div><div id=\"wpforms-59289-field_6-container\" class=\"wpforms-field wpforms-field-checkbox\" data-field-id=\"6\"><fieldset><legend class=\"wpforms-field-label wpforms-label-hide\" aria-hidden=\"false\"> <span class=\"wpforms-required-label\" aria-hidden=\"true\">*<\/span><\/legend><ul id=\"wpforms-59289-field_6\" class=\"wpforms-field-required\"><li class=\"choice-1 depth-1\"><input type=\"checkbox\" id=\"wpforms-59289-field_6_1\" name=\"wpforms[fields][6][]\" value=\"\u041f\u043e\u0434\u0442\u0432\u0435\u0440\u0436\u0434\u0430\u044e, \u0447\u0442\u043e \u043f\u043e\u043b\u043d\u043e\u0441\u0442\u044c\u044e \u043f\u0440\u043e\u0447\u0438\u0442\u0430\u043b(\u0430) \u0438 \u043e\u0437\u043d\u0430\u043a\u043e\u043c\u0438\u043b\u0441\u044f(\u043b\u0430\u0441\u044c) \u0441 &lt;a href=&quot;\/ru\/sikdatnu-politika\/&quot; target=&quot;_blank&quot;&gt;\u0443\u0441\u043b\u043e\u0432\u0438\u044f\u043c\u0438 \u0438\u0441\u043f\u043e\u043b\u044c\u0437\u043e\u0432\u0430\u043d\u0438\u044f \u0444\u0430\u0439\u043b\u043e\u0432 cookie AutoRiga.eu&lt;\/a&gt;, \u043e\u043d\u0438 \u043c\u043d\u0435 \u043f\u043e\u043d\u044f\u0442\u043d\u044b, \u0438 \u044f \u043f\u043e\u043b\u043d\u043e\u0441\u0442\u044c\u044e \u0441\u043e\u0433\u043b\u0430\u0448\u0430\u044e\u0441\u044c \u0441\u043e \u0432\u0441\u0435\u043c\u0438 \u0443\u0441\u043b\u043e\u0432\u0438\u044f\u043c\u0438 \u0434\u0430\u043d\u043d\u043e\u0439 \u043f\u043e\u043b\u0438\u0442\u0438\u043a\u0438.\" aria-errormessage=\"wpforms-59289-field_6_1-error\" required ><label class=\"wpforms-field-label-inline\" for=\"wpforms-59289-field_6_1\">\u041f\u043e\u0434\u0442\u0432\u0435\u0440\u0436\u0434\u0430\u044e, \u0447\u0442\u043e \u043f\u043e\u043b\u043d\u043e\u0441\u0442\u044c\u044e \u043f\u0440\u043e\u0447\u0438\u0442\u0430\u043b(\u0430) \u0438 \u043e\u0437\u043d\u0430\u043a\u043e\u043c\u0438\u043b\u0441\u044f(\u043b\u0430\u0441\u044c) \u0441 <a href=\"\/ru\/sikdatnu-politika\/\" target=\"_blank\">\u0443\u0441\u043b\u043e\u0432\u0438\u044f\u043c\u0438 \u0438\u0441\u043f\u043e\u043b\u044c\u0437\u043e\u0432\u0430\u043d\u0438\u044f \u0444\u0430\u0439\u043b\u043e\u0432 cookie AutoRiga.eu<\/a>, \u043e\u043d\u0438 \u043c\u043d\u0435 \u043f\u043e\u043d\u044f\u0442\u043d\u044b, \u0438 \u044f \u043f\u043e\u043b\u043d\u043e\u0441\u0442\u044c\u044e \u0441\u043e\u0433\u043b\u0430\u0448\u0430\u044e\u0441\u044c \u0441\u043e \u0432\u0441\u0435\u043c\u0438 \u0443\u0441\u043b\u043e\u0432\u0438\u044f\u043c\u0438 \u0434\u0430\u043d\u043d\u043e\u0439 \u043f\u043e\u043b\u0438\u0442\u0438\u043a\u0438.<\/label><\/li><\/ul><\/fieldset><\/div><\/div><!-- .wpforms-field-container --><div class=\"wpforms-submit-container\" ><input type=\"hidden\" name=\"wpforms[id]\" value=\"59289\"><input type=\"hidden\" name=\"wpforms[author]\" value=\"2\"><button type=\"submit\" name=\"wpforms[submit]\" id=\"wpforms-submit-59289\" class=\"wpforms-submit\" data-alt-text=\"S\u016bta...\" data-submit-text=\"\u041e\u0422\u041f\u0420\u0410\u0412\u0418\u0422\u042c\" aria-live=\"assertive\" value=\"wpforms-submit\">\u041e\u0422\u041f\u0420\u0410\u0412\u0418\u0422\u042c<\/button><img decoding=\"async\" src=\"https:\/\/autoriga.eu\/wp-content\/plugins\/wpforms\/assets\/images\/submit-spin.svg\" class=\"wpforms-submit-spinner\" style=\"display: none;\" width=\"26\" height=\"26\" alt=\"\u0417\u0430\u0433\u0440\u0443\u0437\u043a\u0430\"><\/div><\/form><\/div>  <!-- .wpforms-container -->\t\t\t\t<\/div>\n\t\t\t\t<\/div>\n\t\t\t\t\t<\/div>\n\t\t<\/div>\n\t\t\t\t\t<\/div>\n\t\t<\/div>\n\t\t\t\t\t<\/div>\n\t\t<\/div>\n\t\t\t\t\t<\/div>\n\t\t<\/div>\n\t\t\t\t<\/div>\n\t\t","protected":false},"excerpt":{"rendered":"<p>\u041a\u043e\u043d\u0442\u0430\u043a\u0442\u044b \u0421\u0432\u044f\u0436\u0438\u0442\u0435\u0441\u044c \u0441 \u043d\u0430\u043c\u0438 SIA Lotosa Zieds 99 \u0420\u0435\u0433.\u043d\u0440.40103875744 +371 25223344leasing@autoriga.eu \u0410\u0434\u0440\u0435\u0441 \u0423\u043b\u0438\u0446\u0430 \u0412\u0438\u0448\u043a\u044e 14, \u0420\u0438\u0433\u0430, LV-1057 \u042e\u0440\u0438\u0434\u0438\u0447\u0435\u0441\u043a\u0438\u0439 \u0430\u0434\u0440\u0435\u0441: \u0423\u043b\u0438\u0446\u0430 \u0417\u0432\u0435\u0439\u043d\u0438\u0435\u043a\u0443 21, \u0418\u043a\u0448\u043a\u0438\u043b\u0435 \u0412\u0440\u0435\u043c\u044f&hellip;<\/p>\n","protected":false},"author":2,"featured_media":0,"parent":0,"menu_order":0,"comment_status":"closed","ping_status":"closed","template":"elementor_header_footer","meta":{"_acf_changed":false,"footnotes":""},"class_list":["post-1674","page","type-page","status-publish","hentry"],"acf":[],"aioseo_notices":[],"meta_box":{"overlay_header":"0"},"_links":{"self":[{"href":"https:\/\/autoriga.eu\/ru\/wp-json\/wp\/v2\/pages\/1674","targetHints":{"allow":["GET"]}}],"collection":[{"href":"https:\/\/autoriga.eu\/ru\/wp-json\/wp\/v2\/pages"}],"about":[{"href":"https:\/\/autoriga.eu\/ru\/wp-json\/wp\/v2\/types\/page"}],"author":[{"embeddable":true,"href":"https:\/\/autoriga.eu\/ru\/wp-json\/wp\/v2\/users\/2"}],"replies":[{"embeddable":true,"href":"https:\/\/autoriga.eu\/ru\/wp-json\/wp\/v2\/comments?post=1674"}],"version-history":[{"count":0,"href":"https:\/\/autoriga.eu\/ru\/wp-json\/wp\/v2\/pages\/1674\/revisions"}],"wp:attachment":[{"href":"https:\/\/autoriga.eu\/ru\/wp-json\/wp\/v2\/media?parent=1674"}],"curies":[{"name":"wp","href":"https:\/\/api.w.org\/{rel}","templated":true}]}}